{"id":22,"date":"2021-03-06T21:56:58","date_gmt":"2021-03-06T21:56:58","guid":{"rendered":"http:\/\/bauservice-mk.de\/?page_id=22"},"modified":"2021-03-11T15:06:55","modified_gmt":"2021-03-11T15:06:55","slug":"impressum","status":"publish","type":"page","link":"https:\/\/bauservice-mk.de\/?page_id=22","title":{"rendered":"Impressum"},"content":{"rendered":"\n<p id=\"u1779-2\"><strong>Gem\u00e4\u00df \u00a7 28 BDSG widerspreche ich jeder kommerziellen Verwendung und Weitergabe meiner Daten.<\/strong><\/p>\n\n\n\n<p id=\"u1779-6\"><strong>Abgrenzung:&nbsp;<\/strong>Die Web-Pr\u00e4senz ist Teil des WWW und dementsprechend mit fremden, sich jederzeit wandeln k\u00f6nnenden Web-Sites verkn\u00fcpft, die folglich auch nicht diesem Verantwortungsbereich unterliegen und f\u00fcr die nachfolgende Informationen nicht gelten. Dass die Links weder gegen Sitten noch Gesetze versto\u00dfen, wurde genau ein mal gepr\u00fcft: bevor sie hier aufgenommen wurden. Solche Links, die zu fremden Webprojekten f\u00fchren, erkennen Sie daran an der Verwendung eines neuen Browser-Fensters oder die explizite textuelle Kenntlichmachung.<\/p>\n\n\n\n<p id=\"u1779-9\"><strong>Anbieter:<\/strong><\/p>\n\n\n\n<p><strong>Bau und Hausmeisterservice Matthias K\u00fchl<\/strong><\/p>\n\n\n\n<p>Inhaber: Matthias K\u00fchl<br>Wolfradshof 18<br>17390 Schmatzin<\/p>\n\n\n\n<p><strong>Telefon<\/strong><br>0174 \u2013 9929032<\/p>\n\n\n\n<p><strong>E-Mail<\/strong><br><a href=\"mailto:info@bauservice-mk.de\">info@bauservice-mk.de<\/a><\/p>\n\n\n\n<p id=\"u1779-29\"><strong>Datenschutz:&nbsp;<\/strong>Personenbezogene Daten werden nur mit Ihrem Wissen und Ihrer Einwilligung erhoben. Auf Antrag erhalten Sie unentgeltlich Auskunft zu den \u00fcber Sie gespeicherten personenbezogenen Daten. Wenden Sie sich dazu bitte an o.a. Kontaktadresse. Umfassende&nbsp;<strong><a href=\"https:\/\/zimmerei-nd.de\/datenschutz\/\">Datenschutzerkl\u00e4rung<\/a><\/strong>.<\/p>\n\n\n\n<p id=\"u1779-33\"><strong>Keine Haftung:&nbsp;<\/strong>Die Inhalte dieses Webprojektes wurden sorgf\u00e4ltig gepr\u00fcft und nach bestem Wissen erstellt. Aber f\u00fcr die hier dargebotenen Informationen wird kein Anspruch auf Vollst\u00e4ndigkeit, Aktualit\u00e4t, Qualit\u00e4t und Richtigkeit erhoben. Es kann keine Verantwortung f\u00fcr Sch\u00e4den \u00fcbernommen werden, die durch das Vertrauen auf die Inhalte dieser Website oder deren Gebrauch entstehen.<\/p>\n\n\n\n<p id=\"u1779-38\"><strong>Schutzrechtsverletzung:&nbsp;<\/strong>Falls Sie vermuten, dass von dieser Website aus eines Ihrer Schutzrechte verletzt wird, teilen Sie das bitte umgehend per E-Mail mit, damit z\u00fcgig Abhilfe geschafft werden kann. Bitte nehmen Sie zur Kenntnis: Die zeitaufw\u00e4ndigere Einschaltung eines Anwaltes zur f\u00fcr den Diensteanbieter kostenpflichtigen Abmahnung entspricht nicht dessen wirklichen oder mutma\u00dflichen Willen.<\/p>\n","protected":false},"excerpt":{"rendered":"<p>Gem\u00e4\u00df \u00a7 28 BDSG widerspreche ich jeder kommerziellen Verwendung und Weitergabe meiner Daten. Abgrenzung:&nbsp;Die Web-Pr\u00e4senz ist Teil des WWW und dementsprechend mit fremden, sich jederzeit wandeln k\u00f6nnenden Web-Sites verkn\u00fcpft, die [&hellip;]<\/p>\n","protected":false},"author":1,"featured_media":0,"parent":13,"menu_order":0,"comment_status":"closed","ping_status":"closed","template":"","meta":{"footnotes":""},"class_list":["post-22","page","type-page","status-publish","hentry"],"yoast_head":"<!-- This site is optimized with the Yoast SEO plugin v27.4 - https:\/\/yoast.com\/product\/yoast-seo-wordpress\/ -->\n<title>Impressum - Bau und Hausmeisterservice Matthias K\u00fchl<\/title>\n<meta name=\"robots\" content=\"index, follow, max-snippet:-1, max-image-preview:large, max-video-preview:-1\" \/>\n<link rel=\"canonical\" href=\"http:\/\/bauservice-mk.de\/?page_id=22\" \/>\n<meta property=\"og:locale\" content=\"de_DE\" \/>\n<meta property=\"og:type\" content=\"article\" \/>\n<meta property=\"og:title\" content=\"Impressum - Bau und Hausmeisterservice Matthias K\u00fchl\" \/>\n<meta property=\"og:description\" content=\"Gem\u00e4\u00df \u00a7 28 BDSG widerspreche ich jeder kommerziellen Verwendung und Weitergabe meiner Daten. Abgrenzung:&nbsp;Die Web-Pr\u00e4senz ist Teil des WWW und dementsprechend mit fremden, sich jederzeit wandeln k\u00f6nnenden Web-Sites verkn\u00fcpft, die [&hellip;]\" \/>\n<meta property=\"og:url\" content=\"http:\/\/bauservice-mk.de\/?page_id=22\" \/>\n<meta property=\"og:site_name\" content=\"Bau und Hausmeisterservice Matthias K\u00fchl\" \/>\n<meta property=\"article:modified_time\" content=\"2021-03-11T15:06:55+00:00\" \/>\n<meta name=\"twitter:card\" content=\"summary_large_image\" \/>\n<meta name=\"twitter:label1\" content=\"Gesch\u00e4tzte Lesezeit\" \/>\n\t<meta name=\"twitter:data1\" content=\"1\u00a0Minute\" \/>\n<script type=\"application\/ld+json\" class=\"yoast-schema-graph\">{\"@context\":\"https:\\\/\\\/schema.org\",\"@graph\":[{\"@type\":\"WebPage\",\"@id\":\"http:\\\/\\\/bauservice-mk.de\\\/?page_id=22\",\"url\":\"http:\\\/\\\/bauservice-mk.de\\\/?page_id=22\",\"name\":\"Impressum - Bau und Hausmeisterservice Matthias K\u00fchl\",\"isPartOf\":{\"@id\":\"https:\\\/\\\/bauservice-mk.de\\\/#website\"},\"datePublished\":\"2021-03-06T21:56:58+00:00\",\"dateModified\":\"2021-03-11T15:06:55+00:00\",\"breadcrumb\":{\"@id\":\"http:\\\/\\\/bauservice-mk.de\\\/?page_id=22#breadcrumb\"},\"inLanguage\":\"de\",\"potentialAction\":[{\"@type\":\"ReadAction\",\"target\":[\"http:\\\/\\\/bauservice-mk.de\\\/?page_id=22\"]}]},{\"@type\":\"BreadcrumbList\",\"@id\":\"http:\\\/\\\/bauservice-mk.de\\\/?page_id=22#breadcrumb\",\"itemListElement\":[{\"@type\":\"ListItem\",\"position\":1,\"name\":\"Startseite\",\"item\":\"https:\\\/\\\/bauservice-mk.de\\\/\"},{\"@type\":\"ListItem\",\"position\":2,\"name\":\"Bau- und Hausmeisterservice Matthias K\u00fchl\",\"item\":\"https:\\\/\\\/bauservice-mk.de\\\/\"},{\"@type\":\"ListItem\",\"position\":3,\"name\":\"Impressum\"}]},{\"@type\":\"WebSite\",\"@id\":\"https:\\\/\\\/bauservice-mk.de\\\/#website\",\"url\":\"https:\\\/\\\/bauservice-mk.de\\\/\",\"name\":\"Bau und Hausmeisterservice Matthias K\u00fchl\",\"description\":\"Diese Website ist zur Zeit eine Baustelle.\",\"potentialAction\":[{\"@type\":\"SearchAction\",\"target\":{\"@type\":\"EntryPoint\",\"urlTemplate\":\"https:\\\/\\\/bauservice-mk.de\\\/?s={search_term_string}\"},\"query-input\":{\"@type\":\"PropertyValueSpecification\",\"valueRequired\":true,\"valueName\":\"search_term_string\"}}],\"inLanguage\":\"de\"}]}<\/script>\n<!-- \/ Yoast SEO plugin. -->","yoast_head_json":{"title":"Impressum - Bau und Hausmeisterservice Matthias K\u00fchl","robots":{"index":"index","follow":"follow","max-snippet":"max-snippet:-1","max-image-preview":"max-image-preview:large","max-video-preview":"max-video-preview:-1"},"canonical":"http:\/\/bauservice-mk.de\/?page_id=22","og_locale":"de_DE","og_type":"article","og_title":"Impressum - Bau und Hausmeisterservice Matthias K\u00fchl","og_description":"Gem\u00e4\u00df \u00a7 28 BDSG widerspreche ich jeder kommerziellen Verwendung und Weitergabe meiner Daten. Abgrenzung:&nbsp;Die Web-Pr\u00e4senz ist Teil des WWW und dementsprechend mit fremden, sich jederzeit wandeln k\u00f6nnenden Web-Sites verkn\u00fcpft, die [&hellip;]","og_url":"http:\/\/bauservice-mk.de\/?page_id=22","og_site_name":"Bau und Hausmeisterservice Matthias K\u00fchl","article_modified_time":"2021-03-11T15:06:55+00:00","twitter_card":"summary_large_image","twitter_misc":{"Gesch\u00e4tzte Lesezeit":"1\u00a0Minute"},"schema":{"@context":"https:\/\/schema.org","@graph":[{"@type":"WebPage","@id":"http:\/\/bauservice-mk.de\/?page_id=22","url":"http:\/\/bauservice-mk.de\/?page_id=22","name":"Impressum - Bau und Hausmeisterservice Matthias K\u00fchl","isPartOf":{"@id":"https:\/\/bauservice-mk.de\/#website"},"datePublished":"2021-03-06T21:56:58+00:00","dateModified":"2021-03-11T15:06:55+00:00","breadcrumb":{"@id":"http:\/\/bauservice-mk.de\/?page_id=22#breadcrumb"},"inLanguage":"de","potentialAction":[{"@type":"ReadAction","target":["http:\/\/bauservice-mk.de\/?page_id=22"]}]},{"@type":"BreadcrumbList","@id":"http:\/\/bauservice-mk.de\/?page_id=22#breadcrumb","itemListElement":[{"@type":"ListItem","position":1,"name":"Startseite","item":"https:\/\/bauservice-mk.de\/"},{"@type":"ListItem","position":2,"name":"Bau- und Hausmeisterservice Matthias K\u00fchl","item":"https:\/\/bauservice-mk.de\/"},{"@type":"ListItem","position":3,"name":"Impressum"}]},{"@type":"WebSite","@id":"https:\/\/bauservice-mk.de\/#website","url":"https:\/\/bauservice-mk.de\/","name":"Bau und Hausmeisterservice Matthias K\u00fchl","description":"Diese Website ist zur Zeit eine Baustelle.","potentialAction":[{"@type":"SearchAction","target":{"@type":"EntryPoint","urlTemplate":"https:\/\/bauservice-mk.de\/?s={search_term_string}"},"query-input":{"@type":"PropertyValueSpecification","valueRequired":true,"valueName":"search_term_string"}}],"inLanguage":"de"}]}},"_links":{"self":[{"href":"https:\/\/bauservice-mk.de\/index.php?rest_route=\/wp\/v2\/pages\/22","targetHints":{"allow":["GET"]}}],"collection":[{"href":"https:\/\/bauservice-mk.de\/index.php?rest_route=\/wp\/v2\/pages"}],"about":[{"href":"https:\/\/bauservice-mk.de\/index.php?rest_route=\/wp\/v2\/types\/page"}],"author":[{"embeddable":true,"href":"https:\/\/bauservice-mk.de\/index.php?rest_route=\/wp\/v2\/users\/1"}],"replies":[{"embeddable":true,"href":"https:\/\/bauservice-mk.de\/index.php?rest_route=%2Fwp%2Fv2%2Fcomments&post=22"}],"version-history":[{"count":5,"href":"https:\/\/bauservice-mk.de\/index.php?rest_route=\/wp\/v2\/pages\/22\/revisions"}],"predecessor-version":[{"id":55,"href":"https:\/\/bauservice-mk.de\/index.php?rest_route=\/wp\/v2\/pages\/22\/revisions\/55"}],"up":[{"embeddable":true,"href":"https:\/\/bauservice-mk.de\/index.php?rest_route=\/wp\/v2\/pages\/13"}],"wp:attachment":[{"href":"https:\/\/bauservice-mk.de\/index.php?rest_route=%2Fwp%2Fv2%2Fmedia&parent=22"}],"curies":[{"name":"wp","href":"https:\/\/api.w.org\/{rel}","templated":true}]}}